{"id":3327,"date":"2024-01-15T17:03:52","date_gmt":"2024-01-15T15:03:52","guid":{"rendered":"https:\/\/iickiev.esteri.it\/?page_id=3327"},"modified":"2026-04-07T16:21:27","modified_gmt":"2026-04-07T13:21:27","slug":"come-iscriversi","status":"publish","type":"page","link":"https:\/\/iickiev.esteri.it\/it\/lingua-e-cultura\/i-corsi-di-lingua\/come-iscriversi\/","title":{"rendered":"Come iscriversi"},"content":{"rendered":"<p>I corsi di lingua italiana presso l&#8217;Istituto Italiano di\u00a0 Cultura a Kiev si svolgono in modalit\u00e0 <span style=\"text-decoration: underline;\">online<\/span>. I gruppi sono composti da un massimo di 10 studenti.<\/p>\n<p>Attualmente sono attivi i corsi di livelli da A1 a B2.<\/p>\n<p>Per iscriversi ad un corso La invitiamo a consultare la sezione &#8220;Calendario corsi&#8221; nel men\u00f9 a destra per verificare la disponibilit\u00e0 dei posti e contattare la Segreteria dell&#8217;Istituto di Cultura all&#8217;indirizzo <a href=\"mailto:iickiev@esteri.it\">iickiev@esteri.it<\/a>\u00a0oppure al telefono (044-270-62-23) secondo il seguente orario:<\/p>\n<p>luned\u00ec-venerd\u00ec\u00a0<strong>dalle 9:30 alle 13:00<\/strong>;<\/p>\n<p>luned\u00ec, marted\u00ec e gioved\u00ec\u00a0<strong>dalle 15:00 alle 17:00<\/strong>.<\/p>\n<p>Per iscriversi ad un livello superiore all&#8217;A1 l&#8217;interessato sar\u00e0 invitato a fare un test d&#8217;ingresso per determinare il livello di conoscenza. Dopo l&#8217;invio del test attendere cortesemente di essere ricontattati dall&#8217;Istituto.<\/p>\n<p>All&#8217;atto dell&#8217;iscrizione, lo studente dovr\u00e0 compilare l&#8217;apposito modulo d&#8217;iscrizione, presentare la copia del passaporto interno e effettuare il pagamento per il corso scelto. Nel prezzo \u00e8 incluso il materiale didattico.<\/p>\n<p><strong>Non verranno restituite rette dopo l&#8217;inizio dei corsi per i quali sono state pagate.<\/strong><\/p>\n<table style=\"height: 542px;\" width=\"597\">\n<tbody>\n<tr>\n<td style=\"text-align: center;\" width=\"160\">\u00a0<strong>LIVELL<\/strong><strong>O<\/strong><\/td>\n<td style=\"text-align: center;\" width=\"161\"><strong>Durata del corso<\/strong><\/td>\n<td style=\"text-align: center;\" width=\"180\"><strong>Costo del corso<\/strong><\/td>\n<\/tr>\n<tr>\n<td style=\"text-align: center;\" width=\"160\">\u00a0LIVELLO A1<br \/>\nContatto<\/td>\n<td style=\"text-align: center;\" width=\"161\">80 ore accademiche<\/p>\n<p>(40 lezioni)<\/td>\n<td width=\"180\">\n<p style=\"text-align: center;\">9000 UAH<\/p>\n<p style=\"text-align: center;\">\u00a0 8200 UAH**<\/p>\n<\/td>\n<\/tr>\n<tr>\n<td style=\"text-align: center;\" width=\"160\">\u00a0LIVELLO A2<br \/>\nSopravvivenza<\/td>\n<td style=\"text-align: center;\" width=\"161\">80 ore accademiche<\/p>\n<p>(40 lezioni)<\/td>\n<td width=\"180\">\n<p style=\"text-align: center;\">9000 UAH<\/p>\n<p style=\"text-align: center;\">\u00a0 \u00a0 \u00a0 \u00a0 8200 UAH*\/**<\/p>\n<\/td>\n<\/tr>\n<tr>\n<td style=\"text-align: center;\" width=\"160\">\u00a0LIVELLO B1<br \/>\nSoglia<\/td>\n<td style=\"text-align: center;\" width=\"161\">100 ore accademiche<\/p>\n<p>(50 lezioni)<\/td>\n<td width=\"180\">\n<p style=\"text-align: center;\">11000 UAH<\/p>\n<p style=\"text-align: center;\">\u00a0 \u00a0 \u00a0 \u00a0 \u00a010200 UAH*\/**<\/p>\n<\/td>\n<\/tr>\n<tr>\n<td style=\"text-align: center;\" width=\"160\">\u00a0LIVELLO B2<br \/>\nProgresso<\/td>\n<td style=\"text-align: center;\" width=\"161\">100 ore accademiche<\/p>\n<p>(50 lezioni)<\/td>\n<td width=\"180\">\n<p style=\"text-align: center;\">11000 UAH<\/p>\n<p style=\"text-align: center;\">\u00a0 \u00a0 \u00a0 \u00a0 \u00a0 10200 UAH*\/**<\/p>\n<\/td>\n<\/tr>\n<tr>\n<td style=\"text-align: center;\" width=\"160\">\u00a0LIVELLO C1<br \/>\nEfficacia<\/td>\n<td style=\"text-align: center;\" width=\"161\">100 ore accademiche<\/p>\n<p>(50 lezioni)<\/td>\n<td width=\"180\">\n<p style=\"text-align: center;\">11000 UAH<\/p>\n<p style=\"text-align: center;\">\u00a0 \u00a0 \u00a0 \u00a010200 UAH*\/**<\/p>\n<\/td>\n<\/tr>\n<\/tbody>\n<\/table>\n<p>* tariffa ridotta per i corsisti dell\u2019IIC che si sono riscritti ad un corso del livello successivo<\/p>\n<p>** tassa d&#8217;iscrizione senza il materiale didattico<\/p>\n<p>&nbsp;<\/p>\n","protected":false},"excerpt":{"rendered":"I corsi di lingua italiana presso l&#8217;Istituto Italiano di\u00a0 Cultura a Kiev si svolgono in modalit\u00e0 online. I gruppi sono composti da un massimo di 10 studenti. Attualmente sono attivi i corsi di livelli da A1 a B2. Per iscriversi ad un corso La invitiamo a consultare la sezione &#8220;Calendario corsi&#8221; nel men\u00f9 a destra [&hellip;]","protected":false},"author":3,"featured_media":0,"parent":42,"menu_order":2,"comment_status":"closed","ping_status":"closed","template":"","meta":{"footnotes":""},"class_list":["post-3327","page","type-page","status-publish","hentry"],"_links":{"self":[{"href":"https:\/\/iickiev.esteri.it\/it\/wp-json\/wp\/v2\/pages\/3327","targetHints":{"allow":["GET"]}}],"collection":[{"href":"https:\/\/iickiev.esteri.it\/it\/wp-json\/wp\/v2\/pages"}],"about":[{"href":"https:\/\/iickiev.esteri.it\/it\/wp-json\/wp\/v2\/types\/page"}],"author":[{"embeddable":true,"href":"https:\/\/iickiev.esteri.it\/it\/wp-json\/wp\/v2\/users\/3"}],"replies":[{"embeddable":true,"href":"https:\/\/iickiev.esteri.it\/it\/wp-json\/wp\/v2\/comments?post=3327"}],"version-history":[{"count":6,"href":"https:\/\/iickiev.esteri.it\/it\/wp-json\/wp\/v2\/pages\/3327\/revisions"}],"predecessor-version":[{"id":5746,"href":"https:\/\/iickiev.esteri.it\/it\/wp-json\/wp\/v2\/pages\/3327\/revisions\/5746"}],"up":[{"embeddable":true,"href":"https:\/\/iickiev.esteri.it\/it\/wp-json\/wp\/v2\/pages\/42"}],"wp:attachment":[{"href":"https:\/\/iickiev.esteri.it\/it\/wp-json\/wp\/v2\/media?parent=3327"}],"curies":[{"name":"wp","href":"https:\/\/api.w.org\/{rel}","templated":true}]}}